{"id":27650,"date":"2023-04-17T11:43:01","date_gmt":"2023-04-17T11:43:01","guid":{"rendered":"https:\/\/sellinium.ma\/fr\/?page_id=27650"},"modified":"2024-12-17T16:06:35","modified_gmt":"2024-12-17T16:06:35","slug":"our-services","status":"publish","type":"page","link":"https:\/\/sellinium.ma\/fr\/our-services\/","title":{"rendered":"Nos Services"},"content":{"rendered":"\t\t<div data-elementor-type=\"wp-page\" data-elementor-id=\"27650\" class=\"elementor elementor-27650\">\n\t\t\t\t\t\t<section class=\"elementor-section elementor-top-section elementor-element elementor-element-92242af elementor-section-boxed elementor-section-height-default elementor-section-height-default sc_fly_static\" data-id=\"92242af\" data-element_type=\"section\">\n\t\t\t\t\t\t<div class=\"elementor-container elementor-column-gap-extended\">\n\t\t\t\t\t<div class=\"elementor-column elementor-col-100 elementor-top-column elementor-element elementor-element-1dbfaf1b sc_inner_width_none sc_content_align_inherit sc_layouts_column_icons_position_left sc_fly_static\" data-id=\"1dbfaf1b\" data-element_type=\"column\">\n\t\t\t<div class=\"elementor-widget-wrap elementor-element-populated\">\n\t\t\t\t\t\t<div class=\"elementor-element elementor-element-15b4b392 sc_fly_static elementor-widget elementor-widget-spacer\" data-id=\"15b4b392\" data-element_type=\"widget\" data-widget_type=\"spacer.default\">\n\t\t\t\t<div class=\"elementor-widget-container\">\n\t\t\t\t\t<div class=\"elementor-spacer\">\n\t\t\t<div class=\"elementor-spacer-inner\"><\/div>\n\t\t<\/div>\n\t\t\t\t<\/div>\n\t\t\t\t<\/div>\n\t\t\t\t<section class=\"elementor-section elementor-inner-section elementor-element elementor-element-4acfc4bc elementor-section-boxed elementor-section-height-default elementor-section-height-default sc_fly_static\" data-id=\"4acfc4bc\" data-element_type=\"section\">\n\t\t\t\t\t\t<div class=\"elementor-container elementor-column-gap-no\">\n\t\t\t\t\t<div class=\"elementor-column elementor-col-100 elementor-inner-column elementor-element elementor-element-353ef862 sc_inner_width_none sc_content_align_inherit sc_layouts_column_icons_position_left sc_fly_static\" data-id=\"353ef862\" data-element_type=\"column\">\n\t\t\t<div class=\"elementor-widget-wrap elementor-element-populated\">\n\t\t\t\t\t\t<div class=\"elementor-element elementor-element-7e306753 sc_height_medium sc_fly_static elementor-widget elementor-widget-spacer\" data-id=\"7e306753\" data-element_type=\"widget\" data-widget_type=\"spacer.default\">\n\t\t\t\t<div class=\"elementor-widget-container\">\n\t\t\t\t\t<div class=\"elementor-spacer\">\n\t\t\t<div class=\"elementor-spacer-inner\"><\/div>\n\t\t<\/div>\n\t\t\t\t<\/div>\n\t\t\t\t<\/div>\n\t\t\t\t<div class=\"elementor-element elementor-element-b5d46b3 elementor-widget-mobile__width-inherit sc_fly_static elementor-widget elementor-widget-trx_sc_title\" data-id=\"b5d46b3\" data-element_type=\"widget\" data-widget_type=\"trx_sc_title.default\">\n\t\t\t\t<div class=\"elementor-widget-container\">\n\t\t\t<div\t\tclass=\"sc_title sc_title_accent\" ><span class=\"sc_item_subtitle sc_title_subtitle sc_align_center sc_item_subtitle_above sc_item_title_style_accent sc_item_subtitle_with_custom_color trx_addons_inline_1145626579\">Avantages Essentiels<\/span><h5 class=\"sc_item_title sc_title_title sc_align_center sc_item_title_style_accent sc_item_title_tag\"\n\t\t\t><span class=\"sc_item_title_text\">Nos services boostent votre productivit\u00e9. Optimisez votre travail et atteignez vos objectifs plus vite.<\/span><\/h5><\/div>\t\t<\/div>\n\t\t\t\t<\/div>\n\t\t\t\t\t<\/div>\n\t\t<\/div>\n\t\t\t\t\t<\/div>\n\t\t<\/section>\n\t\t\t\t<div class=\"elementor-element elementor-element-3ac6314c sc_height_huge sc_fly_static elementor-widget elementor-widget-spacer\" data-id=\"3ac6314c\" data-element_type=\"widget\" data-widget_type=\"spacer.default\">\n\t\t\t\t<div class=\"elementor-widget-container\">\n\t\t\t\t\t<div class=\"elementor-spacer\">\n\t\t\t<div class=\"elementor-spacer-inner\"><\/div>\n\t\t<\/div>\n\t\t\t\t<\/div>\n\t\t\t\t<\/div>\n\t\t\t\t<div class=\"elementor-element elementor-element-89cf2c4 sc_fly_static elementor-widget elementor-widget-trx_sc_icons\" data-id=\"89cf2c4\" data-element_type=\"widget\" data-widget_type=\"trx_sc_icons.default\">\n\t\t\t\t<div class=\"elementor-widget-container\">\n\t\t\t<div \tclass=\"sc_icons color_style_link3 sc_icons_plate sc_icons_size_medium sc_align_none\" ><div class=\"sc_icons_columns_wrap sc_item_columns trx_addons_columns_wrap columns_padding_bottom columns_in_single_row\" ><div class=\"trx_addons_column-1_6 trx_addons_column-1_2-tablet trx_addons_column-1_2-mobile\"><div class=\"sc_icons_item\"><div class=\"sc_icons_icon sc_icon_type_ icon-clock-empty\" style=\"color: #E66138\" ><span class=\"sc_icon_type_ icon-clock-empty\" style=\"color: #E66138\"><\/span><\/div><div class=\"sc_icons_item_details\"><h4 class=\"sc_icons_item_title\"><span>Suivi en temps r\u00e9el des stocks<\/span><\/h4><div class=\"sc_icons_item_description\"><span>Suivi en temps r\u00e9el des niveaux de stock, avec des alertes automatiques lorsque les niveaux sont bas ou critiques.<\/span><span><\/span><\/div><\/div><\/div><\/div><div class=\"trx_addons_column-1_6 trx_addons_column-1_2-tablet trx_addons_column-1_2-mobile\"><div class=\"sc_icons_item\"><div class=\"sc_icons_icon sc_icon_type_ trx_addons_icon-chart-bar\" style=\"color: #E66138\" ><span class=\"sc_icon_type_ trx_addons_icon-chart-bar\" style=\"color: #E66138\"><\/span><\/div><div class=\"sc_icons_item_details\"><h4 class=\"sc_icons_item_title\"><span>Rapports avanc\u00e9s sur les stocks<\/span><\/h4><div class=\"sc_icons_item_description\"><span>Rapports d\u00e9taill\u00e9s sur la rotation des stocks, les d\u00e9lais de r\u00e9approvisionnement, et l'historique des mouvements de stock.<\/span><\/div><\/div><\/div><\/div><div class=\"trx_addons_column-1_6 trx_addons_column-1_2-tablet trx_addons_column-1_2-mobile\"><div class=\"sc_icons_item\"><div class=\"sc_icons_icon sc_icon_type_ icon-tablet-1\" style=\"color: #E66138\" ><span class=\"sc_icon_type_ icon-tablet-1\" style=\"color: #E66138\"><\/span><\/div><div class=\"sc_icons_item_details\"><h4 class=\"sc_icons_item_title\"><span>Acc\u00e8s Multiplateforme<\/span><\/h4><div class=\"sc_icons_item_description\"><span>Profitez d\u2019une gestion fluide de vos stocks depuis n\u2019importe quel appareil, o\u00f9 que vous soyez.<\/span><\/div><\/div><\/div><\/div><div class=\"trx_addons_column-1_6 trx_addons_column-1_2-tablet trx_addons_column-1_2-mobile\"><div class=\"sc_icons_item\"><div class=\"sc_icons_icon sc_icon_type_ icon-spin3\" style=\"color: #E66138\" ><span class=\"sc_icon_type_ icon-spin3\" style=\"color: #E66138\"><\/span><\/div><div class=\"sc_icons_item_details\"><h4 class=\"sc_icons_item_title\"><span>Mises \u00e0 Jour R\u00e9guli\u00e8res<\/span><\/h4><div class=\"sc_icons_item_description\"><span>B\u00e9n\u00e9ficiez de fonctionnalit\u00e9s constamment am\u00e9lior\u00e9es et de nouvelles options pour rester \u00e0 la pointe de la technologie.<\/span><span><\/span><span><\/span><span><\/span><span><\/span><span><\/span><span><\/span><span><\/span><\/div><\/div><\/div><\/div><div class=\"trx_addons_column-1_6 trx_addons_column-1_2-tablet trx_addons_column-1_2-mobile\"><div class=\"sc_icons_item\"><div class=\"sc_icons_icon sc_icon_type_ icon-calendar-events\" style=\"color: #E66138\" ><span class=\"sc_icon_type_ icon-calendar-events\" style=\"color: #E66138\"><\/span><\/div><div class=\"sc_icons_item_details\"><h4 class=\"sc_icons_item_title\"><span>Transaction Historique<\/span><\/h4><div class=\"sc_icons_item_description\"><span>Profitez du service Transaction Historique pour suivre et analyser facilement vos ventes, achats, stocks et produits, afin d'optimiser vos activit\u00e9s commerciales.<\/span><\/div><\/div><\/div><\/div><div class=\"trx_addons_column-1_6 trx_addons_column-1_2-tablet trx_addons_column-1_2-mobile\"><div class=\"sc_icons_item\"><div class=\"sc_icons_icon sc_icon_type_ icon-delivery\" style=\"color: #E66138\" ><span class=\"sc_icon_type_ icon-delivery\" style=\"color: #E66138\"><\/span><\/div><div class=\"sc_icons_item_details\"><h4 class=\"sc_icons_item_title\"><span>Gestion de Commande<\/span><\/h4><div class=\"sc_icons_item_description\"><span>Profitez d'une gestion de commande simplifi\u00e9e pour suivre, traiter et organiser vos commandes efficacement, garantissant une livraison rapide et une vue claire de l'\u00e9tat de chaque commande.<\/span><\/div><\/div><\/div><\/div><\/div><\/div><!-- \/.sc_icons -->\t\t<\/div>\n\t\t\t\t<\/div>\n\t\t\t\t<div class=\"elementor-element elementor-element-3e7657be sc_fly_static elementor-widget elementor-widget-spacer\" data-id=\"3e7657be\" data-element_type=\"widget\" data-widget_type=\"spacer.default\">\n\t\t\t\t<div class=\"elementor-widget-container\">\n\t\t\t\t\t<div class=\"elementor-spacer\">\n\t\t\t<div class=\"elementor-spacer-inner\"><\/div>\n\t\t<\/div>\n\t\t\t\t<\/div>\n\t\t\t\t<\/div>\n\t\t\t\t\t<\/div>\n\t\t<\/div>\n\t\t\t\t\t<\/div>\n\t\t<\/section>\n\t\t\t\t<section class=\"elementor-section elementor-top-section elementor-element elementor-element-1300148 scheme_light elementor-section-content-middle elementor-section-boxed elementor-section-height-default elementor-section-height-default sc_fly_static\" data-id=\"1300148\" data-element_type=\"section\" data-settings=\"{&quot;background_background&quot;:&quot;classic&quot;}\">\n\t\t\t\t\t\t<div class=\"elementor-container elementor-column-gap-no\">\n\t\t\t\t\t<div class=\"elementor-column elementor-col-50 elementor-top-column elementor-element elementor-element-3e5e959 sc_inner_width_none sc_content_align_inherit sc_layouts_column_icons_position_left sc_fly_static\" data-id=\"3e5e959\" data-element_type=\"column\">\n\t\t\t<div class=\"elementor-widget-wrap elementor-element-populated\">\n\t\t\t\t\t\t<section data-parallax-params=\"{&quot;parallax&quot;:1,&quot;flow&quot;:&quot;default&quot;,&quot;crop&quot;:&quot;none&quot;,&quot;ease&quot;:&quot;power2&quot;,&quot;duration&quot;:1,&quot;delay&quot;:0,&quot;squeeze&quot;:1,&quot;text&quot;:&quot;block&quot;,&quot;text_separate&quot;:0,&quot;text_wrap&quot;:0,&quot;mouse&quot;:0,&quot;mouse_type&quot;:&quot;transform3d&quot;,&quot;mouse_tilt_amount&quot;:70,&quot;mouse_speed&quot;:10,&quot;mouse_z&quot;:&quot;&quot;,&quot;mouse_handler&quot;:&quot;row&quot;,&quot;range_start&quot;:0,&quot;range_end&quot;:40,&quot;sticky_offset&quot;:0,&quot;lag&quot;:0,&quot;x_start&quot;:0,&quot;x_start_unit&quot;:&quot;px&quot;,&quot;x_end&quot;:0,&quot;x_end_unit&quot;:&quot;px&quot;,&quot;y_start&quot;:0,&quot;y_start_unit&quot;:&quot;px&quot;,&quot;y_end&quot;:30,&quot;y_end_unit&quot;:&quot;px&quot;,&quot;scale_start&quot;:100,&quot;scale_end&quot;:100,&quot;rotate_start&quot;:0,&quot;rotate_end&quot;:0,&quot;opacity_start&quot;:1,&quot;opacity_end&quot;:1,&quot;crop_start&quot;:0,&quot;crop_end&quot;:100,&quot;range_start_tablet&quot;:0,&quot;range_end_tablet&quot;:40,&quot;sticky_offset_tablet&quot;:0,&quot;lag_tablet&quot;:0,&quot;x_start_tablet&quot;:0,&quot;x_start_tablet_unit&quot;:&quot;px&quot;,&quot;x_end_tablet&quot;:0,&quot;x_end_tablet_unit&quot;:&quot;px&quot;,&quot;y_start_tablet&quot;:0,&quot;y_start_tablet_unit&quot;:&quot;px&quot;,&quot;y_end_tablet&quot;:30,&quot;y_end_tablet_unit&quot;:&quot;px&quot;,&quot;scale_start_tablet&quot;:100,&quot;scale_end_tablet&quot;:100,&quot;rotate_start_tablet&quot;:0,&quot;rotate_end_tablet&quot;:0,&quot;opacity_start_tablet&quot;:1,&quot;opacity_end_tablet&quot;:1,&quot;crop_start_tablet&quot;:0,&quot;crop_end_tablet&quot;:100,&quot;range_start_mobile&quot;:0,&quot;range_end_mobile&quot;:40,&quot;sticky_offset_mobile&quot;:0,&quot;lag_mobile&quot;:0,&quot;x_start_mobile&quot;:0,&quot;x_start_mobile_unit&quot;:&quot;px&quot;,&quot;x_end_mobile&quot;:0,&quot;x_end_mobile_unit&quot;:&quot;px&quot;,&quot;y_start_mobile&quot;:0,&quot;y_start_mobile_unit&quot;:&quot;px&quot;,&quot;y_end_mobile&quot;:30,&quot;y_end_mobile_unit&quot;:&quot;px&quot;,&quot;scale_start_mobile&quot;:100,&quot;scale_end_mobile&quot;:100,&quot;rotate_start_mobile&quot;:0,&quot;rotate_end_mobile&quot;:0,&quot;opacity_start_mobile&quot;:1,&quot;opacity_end_mobile&quot;:1,&quot;crop_start_mobile&quot;:0,&quot;crop_end_mobile&quot;:100}\" class=\"elementor-section elementor-inner-section elementor-element elementor-element-b6fd0f3 scheme_dark sc_parallax sc_parallax_default elementor-section-boxed elementor-section-height-default elementor-section-height-default animation_type_block sc_fly_static elementor-invisible\" data-id=\"b6fd0f3\" data-element_type=\"section\" data-settings=\"{&quot;background_background&quot;:&quot;classic&quot;,&quot;animation&quot;:&quot;fadeIn&quot;,&quot;animation_delay&quot;:300}\">\n\t\t\t\t\t\t<div class=\"elementor-container elementor-column-gap-no\">\n\t\t\t\t\t<div class=\"elementor-column elementor-col-100 elementor-inner-column elementor-element elementor-element-e5d668d sc_inner_width_none sc_content_align_inherit sc_layouts_column_icons_position_left sc_fly_static\" data-id=\"e5d668d\" data-element_type=\"column\">\n\t\t\t<div class=\"elementor-widget-wrap elementor-element-populated\">\n\t\t\t\t\t\t<div class=\"elementor-element elementor-element-972afd8 sc_fly_static elementor-widget elementor-widget-trx_sc_title\" data-id=\"972afd8\" data-element_type=\"widget\" data-widget_type=\"trx_sc_title.default\">\n\t\t\t\t<div class=\"elementor-widget-container\">\n\t\t\t<div\t\tclass=\"sc_title sc_title_default\" ><h3 class=\"sc_item_title sc_title_title sc_item_title_style_default sc_item_title_tag\"\n\t\t\t><span class=\"sc_item_title_text\">Demandez Votre D\u00e9mo\n<\/span><\/h3><\/div>\t\t<\/div>\n\t\t\t\t<\/div>\n\t\t\t\t<div class=\"elementor-element elementor-element-6289b42 sc_fly_static elementor-widget elementor-widget-spacer\" data-id=\"6289b42\" data-element_type=\"widget\" data-widget_type=\"spacer.default\">\n\t\t\t\t<div class=\"elementor-widget-container\">\n\t\t\t\t\t<div class=\"elementor-spacer\">\n\t\t\t<div class=\"elementor-spacer-inner\"><\/div>\n\t\t<\/div>\n\t\t\t\t<\/div>\n\t\t\t\t<\/div>\n\t\t\t\t<div class=\"elementor-element elementor-element-cd64367 sc_fly_static elementor-widget elementor-widget-text-editor\" data-id=\"cd64367\" data-element_type=\"widget\" data-widget_type=\"text-editor.default\">\n\t\t\t\t<div class=\"elementor-widget-container\">\n\t\t\t\t\t\t\t<p>D\u00e9couvrez toutes les fonctionnalit\u00e9s de SELLINIUM et constatez les r\u00e9sultats par vous-m\u00eame.<\/p>\t\t\t\t\t\t<\/div>\n\t\t\t\t<\/div>\n\t\t\t\t<div class=\"elementor-element elementor-element-04806b5 sc_fly_static elementor-widget elementor-widget-spacer\" data-id=\"04806b5\" data-element_type=\"widget\" data-widget_type=\"spacer.default\">\n\t\t\t\t<div class=\"elementor-widget-container\">\n\t\t\t\t\t<div class=\"elementor-spacer\">\n\t\t\t<div class=\"elementor-spacer-inner\"><\/div>\n\t\t<\/div>\n\t\t\t\t<\/div>\n\t\t\t\t<\/div>\n\t\t\t\t<div class=\"elementor-element elementor-element-f2a5ba7 sc_fly_static elementor-widget elementor-widget-trx_sc_button\" data-id=\"f2a5ba7\" data-element_type=\"widget\" data-widget_type=\"trx_sc_button.default\">\n\t\t\t\t<div class=\"elementor-widget-container\">\n\t\t\t<div\tclass=\"sc_item_button sc_button_wrap\" ><a href=\"https:\/\/sellinium.ma\/fr\/obtenez-un-devis\/\" class=\"sc_button sc_button_bordered sc_button_size_normal sc_button_icon_left color_style_dark\" ><span class=\"sc_button_text\"><span class=\"sc_button_title\">D\u00c9MO GRATUITE<\/span><\/span><\/a><\/div>\t\t<\/div>\n\t\t\t\t<\/div>\n\t\t\t\t\t<\/div>\n\t\t<\/div>\n\t\t\t\t\t<\/div>\n\t\t<\/section>\n\t\t\t\t\t<\/div>\n\t\t<\/div>\n\t\t\t\t<div class=\"elementor-column elementor-col-50 elementor-top-column elementor-element elementor-element-22aee3a sc_inner_width_none sc_content_align_inherit sc_layouts_column_icons_position_left sc_fly_static\" data-id=\"22aee3a\" data-element_type=\"column\">\n\t\t\t<div class=\"elementor-widget-wrap elementor-element-populated\">\n\t\t\t\t\t\t<div class=\"elementor-element elementor-element-55fd930 animation_type_sequental elementor-widget-tablet__width-initial sc_fly_static elementor-invisible elementor-widget elementor-widget-trx_sc_icons\" data-id=\"55fd930\" data-element_type=\"widget\" data-settings=\"{&quot;_animation&quot;:&quot;softic-fadeinup&quot;,&quot;_animation_delay&quot;:100}\" data-widget_type=\"trx_sc_icons.default\">\n\t\t\t\t<div class=\"elementor-widget-container\">\n\t\t\t<div \tclass=\"sc_icons color_style_dark sc_icons_plate sc_icons_size_medium sc_align_center\" ><div class=\"sc_icons_columns_wrap sc_item_columns trx_addons_columns_wrap columns_padding_bottom columns_in_single_row\" ><div class=\"trx_addons_column-1_5\"><div class=\"sc_icons_item sc_icons_item_linked\"><div class=\"sc_icons_icon sc_icon_type_ icon-basket\" style=\"color: #E66138\" ><span class=\"sc_icon_type_ icon-basket\" style=\"color: #E66138\"><\/span><\/div><div class=\"sc_icons_item_details\"><h4 class=\"sc_icons_item_title\"><a href=\"https:\/\/sellinium.ma\/fr\/our-services\/\">\r\n                                    Achats\/Ventes                                    <\/a><\/h4><div class=\"sc_icons_item_description\"><span><\/span><span><\/span><\/div><a href=\"https:\/\/sellinium.ma\/fr\/our-services\/\"\r\n                        class=\"sc_icons_item_link\">\r\n                        <\/a><\/div><\/div><\/div><div class=\"trx_addons_column-1_5\"><div class=\"sc_icons_item sc_icons_item_linked\"><div class=\"sc_icons_icon sc_icon_type_ trx_addons_icon-credit-card\" style=\"color: #E66138\" ><span class=\"sc_icon_type_ trx_addons_icon-credit-card\" style=\"color: #E66138\"><\/span><\/div><div class=\"sc_icons_item_details\"><h4 class=\"sc_icons_item_title\" style=\"color:#020101;\"><a href=\"https:\/\/sellinium.ma\/fr\/our-services\/\">\r\n                                    Contr\u00f4le Financier                                    <\/a><\/h4><a href=\"https:\/\/sellinium.ma\/fr\/our-services\/\"\r\n                        class=\"sc_icons_item_link\">\r\n                        <\/a><\/div><\/div><\/div><div class=\"trx_addons_column-1_5\"><div class=\"sc_icons_item sc_icons_item_linked\"><div class=\"sc_icons_icon sc_icon_type_ trx_addons_icon-chart-pie-1\" style=\"color: #E66138\" ><span class=\"sc_icon_type_ trx_addons_icon-chart-pie-1\" style=\"color: #E66138\"><\/span><\/div><div class=\"sc_icons_item_details\"><h4 class=\"sc_icons_item_title\"><a href=\"https:\/\/sellinium.ma\/fr\/our-services\/\">\r\n                                    Rapports d\u00e9taill\u00e9s                                    <\/a><\/h4><a href=\"https:\/\/sellinium.ma\/fr\/our-services\/\"\r\n                        class=\"sc_icons_item_link\">\r\n                        <\/a><\/div><\/div><\/div><div class=\"trx_addons_column-1_5\"><div class=\"sc_icons_item\"><div class=\"sc_icons_icon sc_icon_type_ icon-users-group\" style=\"color: #E66138\" ><span class=\"sc_icon_type_ icon-users-group\" style=\"color: #E66138\"><\/span><\/div><div class=\"sc_icons_item_details\"><h4 class=\"sc_icons_item_title\"><span>CRM<\/span><\/h4><\/div><\/div><\/div><div class=\"trx_addons_column-1_5\"><div class=\"sc_icons_item\"><div class=\"sc_icons_icon sc_icon_type_ icon-lock\" style=\"color: #E66138\" ><span class=\"sc_icon_type_ icon-lock\" style=\"color: #E66138\"><\/span><\/div><div class=\"sc_icons_item_details\"><h4 class=\"sc_icons_item_title\"><span>Espace RH<\/span><\/h4><\/div><\/div><\/div><\/div><\/div><!-- \/.sc_icons -->\t\t<\/div>\n\t\t\t\t<\/div>\n\t\t\t\t\t<\/div>\n\t\t<\/div>\n\t\t\t\t\t<\/div>\n\t\t<\/section>\n\t\t\t\t<section class=\"elementor-section elementor-top-section elementor-element elementor-element-016347b elementor-section-boxed elementor-section-height-default elementor-section-height-default sc_fly_static\" data-id=\"016347b\" data-element_type=\"section\">\n\t\t\t\t\t\t<div class=\"elementor-container elementor-column-gap-extended\">\n\t\t\t\t\t<div class=\"elementor-column elementor-col-100 elementor-top-column elementor-element elementor-element-2d957e5 sc_inner_width_none sc_content_align_inherit sc_layouts_column_icons_position_left sc_fly_static\" data-id=\"2d957e5\" data-element_type=\"column\">\n\t\t\t<div class=\"elementor-widget-wrap elementor-element-populated\">\n\t\t\t\t\t\t<div class=\"elementor-element elementor-element-7b1037b sc_height_huge sc_fly_static elementor-widget elementor-widget-spacer\" data-id=\"7b1037b\" data-element_type=\"widget\" data-widget_type=\"spacer.default\">\n\t\t\t\t<div class=\"elementor-widget-container\">\n\t\t\t\t\t<div class=\"elementor-spacer\">\n\t\t\t<div class=\"elementor-spacer-inner\"><\/div>\n\t\t<\/div>\n\t\t\t\t<\/div>\n\t\t\t\t<\/div>\n\t\t\t\t\t<\/div>\n\t\t<\/div>\n\t\t\t\t\t<\/div>\n\t\t<\/section>\n\t\t\t\t<\/div>\n\t\t","protected":false},"excerpt":{"rendered":"<p>Avantages Essentiels Nos services boostent votre productivit\u00e9. Optimisez votre travail et atteignez vos objectifs plus vite. Suivi en temps r\u00e9el des stocks Suivi en temps r\u00e9el des niveaux de stock,&hellip;<\/p>\n","protected":false},"author":1,"featured_media":0,"parent":0,"menu_order":0,"comment_status":"closed","ping_status":"closed","template":"","meta":{"_uag_custom_page_level_css":"","footnotes":""},"class_list":["post-27650","page","type-page","status-publish","hentry"],"uagb_featured_image_src":{"full":false,"thumbnail":false,"medium":false,"medium_large":false,"large":false,"1536x1536":false,"2048x2048":false,"post-thumbnail":false,"softic-thumb-huge":false,"softic-thumb-big":false,"softic-thumb-med":false,"softic-thumb-tiny":false,"softic-thumb-masonry-big":false,"softic-thumb-masonry":false,"softic-thumb-rectangle":false,"softic-thumb-medium-square":false,"softic-thumb-square":false,"woocommerce_thumbnail":false,"woocommerce_single":false,"woocommerce_gallery_thumbnail":false,"trx_addons-thumb-small":false,"trx_addons-thumb-portrait":false,"trx_addons-thumb-avatar":false},"uagb_author_info":{"display_name":"wpllinium","author_link":"https:\/\/sellinium.ma\/fr\/author\/wpllinium\/"},"uagb_comment_info":0,"uagb_excerpt":"Avantages Essentiels Nos services boostent votre productivit\u00e9. Optimisez votre travail et atteignez vos objectifs plus vite. Suivi en temps r\u00e9el des stocks Suivi en temps r\u00e9el des niveaux de stock,&hellip;","_links":{"self":[{"href":"https:\/\/sellinium.ma\/fr\/wp-json\/wp\/v2\/pages\/27650","targetHints":{"allow":["GET"]}}],"collection":[{"href":"https:\/\/sellinium.ma\/fr\/wp-json\/wp\/v2\/pages"}],"about":[{"href":"https:\/\/sellinium.ma\/fr\/wp-json\/wp\/v2\/types\/page"}],"author":[{"embeddable":true,"href":"https:\/\/sellinium.ma\/fr\/wp-json\/wp\/v2\/users\/1"}],"replies":[{"embeddable":true,"href":"https:\/\/sellinium.ma\/fr\/wp-json\/wp\/v2\/comments?post=27650"}],"version-history":[{"count":0,"href":"https:\/\/sellinium.ma\/fr\/wp-json\/wp\/v2\/pages\/27650\/revisions"}],"wp:attachment":[{"href":"https:\/\/sellinium.ma\/fr\/wp-json\/wp\/v2\/media?parent=27650"}],"curies":[{"name":"wp","href":"https:\/\/api.w.org\/{rel}","templated":true}]}}